{"id":426,"date":"2024-02-06T00:10:04","date_gmt":"2024-02-05T23:10:04","guid":{"rendered":"http:\/\/ventasya.pe\/agencias-viaje\/vivaventura\/?post_type=product&#038;p=426"},"modified":"2024-08-20T00:01:33","modified_gmt":"2024-08-19T22:01:33","slug":"paquete-5d","status":"publish","type":"product","link":"https:\/\/ventasya.pe\/website-themes\/viajeinca\/producto\/paquete-5d\/","title":{"rendered":"Paquete 5D"},"content":{"rendered":"<p>Emb\u00e1rcate en una aventura sin igual con nuestro Paquete 5D en Cusco, dise\u00f1ado meticulosamente para los amantes de la historia, la cultura y la naturaleza. Este viaje de cinco d\u00edas te llevar\u00e1 a trav\u00e9s de los tesoros m\u00e1s preciados de la antigua capital inca, desde sus impresionantes sitios arqueol\u00f3gicos hasta sus vibrantes mercados locales.<\/p>\n<h2>ITINERARIO RESUMEN<\/h2>\n<ul>\n<li>DIA 1: City Tour En Cusco<\/li>\n<li>DIA 2: Tour Valle Sagrado \u2013 Machupicchu<\/li>\n<li>DIA 3: Machupicchu &#8211; Cusco<\/li>\n<li>DIA 4: Tour Monta\u00f1a de Colores full day<\/li>\n<li>DIA 5: Final del viaje<\/li>\n<\/ul>\n","protected":false},"excerpt":{"rendered":"<p>Emb\u00e1rcate en una aventura sin igual con nuestro Paquete 5D en Cusco, dise\u00f1ado meticulosamente para los amantes de la historia, la cultura y la naturaleza. Este viaje de cinco d\u00edas te llevar\u00e1 a trav\u00e9s de los tesoros m\u00e1s preciados de la antigua capital inca, desde sus impresionantes sitios arqueol\u00f3gicos hasta sus vibrantes mercados locales.<\/p>\n","protected":false},"featured_media":284,"comment_status":"open","ping_status":"closed","template":"","meta":{"_acf_changed":false},"product_cat":[16],"product_tag":[],"class_list":{"0":"post-426","1":"product","2":"type-product","3":"status-publish","4":"has-post-thumbnail","6":"product_cat-paquetes","8":"first","9":"instock","10":"sale","11":"shipping-taxable","12":"purchasable","13":"product-type-simple"},"acf":[],"_links":{"self":[{"href":"https:\/\/ventasya.pe\/website-themes\/viajeinca\/wp-json\/wp\/v2\/product\/426","targetHints":{"allow":["GET"]}}],"collection":[{"href":"https:\/\/ventasya.pe\/website-themes\/viajeinca\/wp-json\/wp\/v2\/product"}],"about":[{"href":"https:\/\/ventasya.pe\/website-themes\/viajeinca\/wp-json\/wp\/v2\/types\/product"}],"replies":[{"embeddable":true,"href":"https:\/\/ventasya.pe\/website-themes\/viajeinca\/wp-json\/wp\/v2\/comments?post=426"}],"wp:featuredmedia":[{"embeddable":true,"href":"https:\/\/ventasya.pe\/website-themes\/viajeinca\/wp-json\/wp\/v2\/media\/284"}],"wp:attachment":[{"href":"https:\/\/ventasya.pe\/website-themes\/viajeinca\/wp-json\/wp\/v2\/media?parent=426"}],"wp:term":[{"taxonomy":"product_cat","embeddable":true,"href":"https:\/\/ventasya.pe\/website-themes\/viajeinca\/wp-json\/wp\/v2\/product_cat?post=426"},{"taxonomy":"product_tag","embeddable":true,"href":"https:\/\/ventasya.pe\/website-themes\/viajeinca\/wp-json\/wp\/v2\/product_tag?post=426"}],"curies":[{"name":"wp","href":"https:\/\/api.w.org\/{rel}","templated":true}]}}