{"id":421,"date":"2024-02-05T23:54:22","date_gmt":"2024-02-05T22:54:22","guid":{"rendered":"http:\/\/ventasya.pe\/agencias-viaje\/vivaventura\/?post_type=product&#038;p=421"},"modified":"2024-08-15T02:25:43","modified_gmt":"2024-08-15T00:25:43","slug":"paquete-6d","status":"publish","type":"product","link":"https:\/\/ventasya.pe\/website-themes\/viajeinca\/producto\/paquete-6d\/","title":{"rendered":"Paquete 6D"},"content":{"rendered":"<p>Sum\u00e9rgete en el coraz\u00f3n del Imperio Inca con nuestro exclusivo Paquete 6D en Cusco, dise\u00f1ado para viajeros aventureros que desean explorar la riqueza hist\u00f3rica, cultural y natural de uno de los destinos m\u00e1s emblem\u00e1ticos de Per\u00fa. Desde las calles empedradas de la ciudad hasta las majestuosas ruinas de Machu Picchu, prep\u00e1rate para una aventura inolvidable.<\/p>\n<h2>ITINERARIO RESUMEN<\/h2>\n<ul>\n<li>DIA 1: City Tour En Cusco<\/li>\n<li>DIA 2: Tour Valle Sagrado \u2013 Machupicchu<\/li>\n<li>DIA 3: Machupicchu &#8211; Cusco<\/li>\n<li>DIA 4: Tour Laguna De Humantay<\/li>\n<li>DIA 5: Tour Monta\u00f1a De Colores Full Day<\/li>\n<li>DIA 6: Final del viaje<\/li>\n<\/ul>\n","protected":false},"excerpt":{"rendered":"<p>Sum\u00e9rgete en el coraz\u00f3n del Imperio Inca con nuestro exclusivo Paquete 6D en Cusco, dise\u00f1ado para viajeros aventureros que desean explorar la riqueza hist\u00f3rica, cultural y natural de uno de los destinos m\u00e1s emblem\u00e1ticos de Per\u00fa. Desde las calles empedradas de la ciudad hasta las majestuosas ruinas de Machu Picchu, prep\u00e1rate para una aventura inolvidable.<\/p>\n","protected":false},"featured_media":340,"comment_status":"open","ping_status":"closed","template":"","meta":{"_acf_changed":false},"product_cat":[16],"product_tag":[],"class_list":{"0":"post-421","1":"product","2":"type-product","3":"status-publish","4":"has-post-thumbnail","6":"product_cat-paquetes","8":"first","9":"instock","10":"sale","11":"shipping-taxable","12":"purchasable","13":"product-type-simple"},"acf":[],"_links":{"self":[{"href":"https:\/\/ventasya.pe\/website-themes\/viajeinca\/wp-json\/wp\/v2\/product\/421","targetHints":{"allow":["GET"]}}],"collection":[{"href":"https:\/\/ventasya.pe\/website-themes\/viajeinca\/wp-json\/wp\/v2\/product"}],"about":[{"href":"https:\/\/ventasya.pe\/website-themes\/viajeinca\/wp-json\/wp\/v2\/types\/product"}],"replies":[{"embeddable":true,"href":"https:\/\/ventasya.pe\/website-themes\/viajeinca\/wp-json\/wp\/v2\/comments?post=421"}],"wp:featuredmedia":[{"embeddable":true,"href":"https:\/\/ventasya.pe\/website-themes\/viajeinca\/wp-json\/wp\/v2\/media\/340"}],"wp:attachment":[{"href":"https:\/\/ventasya.pe\/website-themes\/viajeinca\/wp-json\/wp\/v2\/media?parent=421"}],"wp:term":[{"taxonomy":"product_cat","embeddable":true,"href":"https:\/\/ventasya.pe\/website-themes\/viajeinca\/wp-json\/wp\/v2\/product_cat?post=421"},{"taxonomy":"product_tag","embeddable":true,"href":"https:\/\/ventasya.pe\/website-themes\/viajeinca\/wp-json\/wp\/v2\/product_tag?post=421"}],"curies":[{"name":"wp","href":"https:\/\/api.w.org\/{rel}","templated":true}]}}