{"id":9,"date":"2023-10-26T02:40:34","date_gmt":"2023-10-26T00:40:34","guid":{"rendered":"http:\/\/ventasya.pe\/agencias-viaje\/rutaZa\/?page_id=9"},"modified":"2025-12-12T10:27:38","modified_gmt":"2025-12-12T15:27:38","slug":"inicio","status":"publish","type":"page","link":"https:\/\/ventasya.pe\/website-themes\/rutaza\/","title":{"rendered":"Inicio"},"content":{"rendered":"\n<p><em>Destino de vacaciones so\u00f1ado<\/em><\/p>\n\n\n\n<h2 class=\"wp-block-heading\">Planifique f\u00e1cilmente el viaje de su vida<\/h2>\n\n\n\n<p>Tanto si busca una escapada rom\u00e1ntica, una aventura en familia o un viaje en solitario para explorar el mundo, una agencia de viajes puede proporcionarle un itinerario a medida que supere sus expectativas.<\/p>\n\n\n\n<p><a href=\"#\">Ver mas<\/a><\/p>\n","protected":false},"excerpt":{"rendered":"<p>Destino de vacaciones so\u00f1ado Planifique f\u00e1cilmente el viaje de su vida Tanto si busca una escapada rom\u00e1ntica, una aventura en familia o un viaje en solitario para explorar el mundo, una agencia de viajes puede proporcionarle un itinerario a medida que supere sus expectativas. Ver mas<\/p>\n","protected":false},"author":1,"featured_media":378,"parent":0,"menu_order":0,"comment_status":"closed","ping_status":"closed","template":"home.php","meta":{"footnotes":""},"class_list":["post-9","page","type-page","status-publish","has-post-thumbnail","hentry"],"acf":[],"_links":{"self":[{"href":"https:\/\/ventasya.pe\/website-themes\/rutaza\/index.php?rest_route=\/wp\/v2\/pages\/9","targetHints":{"allow":["GET"]}}],"collection":[{"href":"https:\/\/ventasya.pe\/website-themes\/rutaza\/index.php?rest_route=\/wp\/v2\/pages"}],"about":[{"href":"https:\/\/ventasya.pe\/website-themes\/rutaza\/index.php?rest_route=\/wp\/v2\/types\/page"}],"author":[{"embeddable":true,"href":"https:\/\/ventasya.pe\/website-themes\/rutaza\/index.php?rest_route=\/wp\/v2\/users\/1"}],"replies":[{"embeddable":true,"href":"https:\/\/ventasya.pe\/website-themes\/rutaza\/index.php?rest_route=%2Fwp%2Fv2%2Fcomments&post=9"}],"version-history":[{"count":37,"href":"https:\/\/ventasya.pe\/website-themes\/rutaza\/index.php?rest_route=\/wp\/v2\/pages\/9\/revisions"}],"predecessor-version":[{"id":645,"href":"https:\/\/ventasya.pe\/website-themes\/rutaza\/index.php?rest_route=\/wp\/v2\/pages\/9\/revisions\/645"}],"wp:featuredmedia":[{"embeddable":true,"href":"https:\/\/ventasya.pe\/website-themes\/rutaza\/index.php?rest_route=\/wp\/v2\/media\/378"}],"wp:attachment":[{"href":"https:\/\/ventasya.pe\/website-themes\/rutaza\/index.php?rest_route=%2Fwp%2Fv2%2Fmedia&parent=9"}],"curies":[{"name":"wp","href":"https:\/\/api.w.org\/{rel}","templated":true}]}}