{"id":523,"date":"2023-11-17T14:12:59","date_gmt":"2023-11-17T19:12:59","guid":{"rendered":"http:\/\/ventasya.pe\/agencias-viaje\/rutaZa\/?page_id=523"},"modified":"2023-11-23T10:58:09","modified_gmt":"2023-11-23T15:58:09","slug":"contactanos","status":"publish","type":"page","link":"https:\/\/ventasya.pe\/website-themes\/rutaza\/?page_id=523","title":{"rendered":"Contactanos"},"content":{"rendered":"<p><div class=\"columnsThreePage contactanosPage1\"><br \/>\n<div class=\"itemColumnsThreePage\"><\/p>\n\n\n\n<i class=\"fas fa-map-marker-alt\" style=\"solid\"><\/i>\n\n\n\n<p><strong>Av. Cusco #333 1er piso 123 Cusco \u2013 Peru<\/strong><\/p>\n\n\n<p><\/div><br \/>\n<div class=\"itemColumnsThreePage\"><\/p>\n\n\n\n<p><i class=\"fas fa-mail-bulk\" style=\"solid\"><\/i><strong> <\/strong><\/p>\n\n\n\n<p><strong>info@example.com<\/strong><\/p>\n\n\n<p><\/div><br \/>\n<div class=\"itemColumnsThreePage\"><\/p>\n\n\n\n<i class=\"fas fa-phone-alt\" style=\"solid\"><\/i>\n\n\n\n<p><strong>+51 984 186 268\u00a0<\/strong><\/p>\n\n\n<p><\/div><br \/>\n<\/div><\/p>\n\n\n\n<p>Somos tu puerta de entrada al mundo. En nuestra agencia de viajes, convertimos tus sue\u00f1os en destinos. Explora lugares impresionantes, sum\u00e9rgete en culturas vibrantes y crea recuerdos inolvidables. Tu pr\u00f3xima aventura comienza aqu\u00ed.<\/p>\n\n\n<div class=\"textoCentroHome cursiva\">\n\n\n\n<p><em>Planifique su pr\u00f3ximo viaje<\/em><\/p>\n\n\n\n<h2 class=\"wp-block-heading\">P\u00f3ngase en contacto<\/h2>\n\n\n\n<p>Escr\u00edbanos para recibir asesoramiento personalizado sobre viajes o para informarse sobre viajes en grupo y viajes de \u00faltima hora, todos los viajes est\u00e1n asegurados y son seguros.<\/p>\n\n\n<p><\/div><br \/>\n\n<div class=\"wpcf7 no-js\" id=\"wpcf7-f605-o1\" lang=\"es-ES\" dir=\"ltr\">\n<div class=\"screen-reader-response\"><p role=\"status\" aria-live=\"polite\" aria-atomic=\"true\"><\/p> <ul><\/ul><\/div>\n<form action=\"\/website-themes\/rutaza\/index.php?rest_route=%2Fwp%2Fv2%2Fpages%2F523#wpcf7-f605-o1\" method=\"post\" class=\"wpcf7-form init\" aria-label=\"Formulario de contacto\" novalidate=\"novalidate\" data-status=\"init\">\n<div style=\"display: none;\">\n<input type=\"hidden\" name=\"_wpcf7\" value=\"605\" \/>\n<input type=\"hidden\" name=\"_wpcf7_version\" value=\"5.8.2\" \/>\n<input type=\"hidden\" name=\"_wpcf7_locale\" value=\"es_ES\" \/>\n<input type=\"hidden\" name=\"_wpcf7_unit_tag\" value=\"wpcf7-f605-o1\" \/>\n<input type=\"hidden\" name=\"_wpcf7_container_post\" value=\"0\" \/>\n<input type=\"hidden\" name=\"_wpcf7_posted_data_hash\" value=\"\" \/>\n<\/div>\n<div class=\"contatcFormStyle contatcFormStyle2\">\n\t<h2>Contactanos\n\t<\/h2>\n\t<p class=\"textoContactForm\">Tu nombre:\n\t<\/p>\n\t<p><span class=\"wpcf7-form-control-wrap\" data-name=\"textNombreForm\"><input size=\"40\" class=\"wpcf7-form-control wpcf7-text\" id=\"textNombreForm\" aria-invalid=\"false\" value=\"Nombre\" type=\"text\" name=\"textNombreForm\" \/><\/span>\n\t<\/p>\n\t<p class=\"textoContactForm\">Email:\n\t<\/p>\n\t<p><span class=\"wpcf7-form-control-wrap\" data-name=\"emailForm\"><input size=\"40\" class=\"wpcf7-form-control wpcf7-email wpcf7-validates-as-required wpcf7-text wpcf7-validates-as-email\" id=\"emailForm\" aria-required=\"true\" aria-invalid=\"false\" value=\"example@email.com\" type=\"email\" name=\"emailForm\" \/><\/span>\n\t<\/p>\n\t<p class=\"textoContactForm\">Mensaje:\n\t<\/p>\n\t<p><span class=\"wpcf7-form-control-wrap\" data-name=\"textareaForm\"><textarea cols=\"40\" rows=\"10\" class=\"wpcf7-form-control wpcf7-textarea\" id=\"textareaForm\" aria-invalid=\"false\" name=\"textareaForm\">Hola<\/textarea><\/span>\n\t<\/p>\n\t<div id=\"enviarForm\">\n\t\t<p><input class=\"wpcf7-form-control wpcf7-submit has-spinner botom\" id=\"reservarForm\" type=\"submit\" value=\"Enviar\" \/>\n\t\t<\/p>\n\t<\/div>\n<\/div><div class=\"wpcf7-response-output\" aria-hidden=\"true\"><\/div>\n<\/form>\n<\/div>\n<\/p>\n","protected":false},"excerpt":{"rendered":"<p>Av. Cusco #333 1er piso 123 Cusco \u2013 Peru info@example.com +51 984 186 268\u00a0 Somos tu puerta de entrada al mundo. En nuestra agencia de viajes, convertimos tus sue\u00f1os en destinos. Explora lugares impresionantes, sum\u00e9rgete en culturas vibrantes y crea recuerdos inolvidables. Tu pr\u00f3xima aventura comienza aqu\u00ed. Planifique su pr\u00f3ximo viaje P\u00f3ngase en contacto Escr\u00edbanos [&hellip;]<\/p>\n","protected":false},"author":1,"featured_media":0,"parent":0,"menu_order":0,"comment_status":"closed","ping_status":"closed","template":"","meta":{"footnotes":""},"class_list":["post-523","page","type-page","status-publish","hentry"],"acf":[],"_links":{"self":[{"href":"https:\/\/ventasya.pe\/website-themes\/rutaza\/index.php?rest_route=\/wp\/v2\/pages\/523","targetHints":{"allow":["GET"]}}],"collection":[{"href":"https:\/\/ventasya.pe\/website-themes\/rutaza\/index.php?rest_route=\/wp\/v2\/pages"}],"about":[{"href":"https:\/\/ventasya.pe\/website-themes\/rutaza\/index.php?rest_route=\/wp\/v2\/types\/page"}],"author":[{"embeddable":true,"href":"https:\/\/ventasya.pe\/website-themes\/rutaza\/index.php?rest_route=\/wp\/v2\/users\/1"}],"replies":[{"embeddable":true,"href":"https:\/\/ventasya.pe\/website-themes\/rutaza\/index.php?rest_route=%2Fwp%2Fv2%2Fcomments&post=523"}],"version-history":[{"count":4,"href":"https:\/\/ventasya.pe\/website-themes\/rutaza\/index.php?rest_route=\/wp\/v2\/pages\/523\/revisions"}],"predecessor-version":[{"id":606,"href":"https:\/\/ventasya.pe\/website-themes\/rutaza\/index.php?rest_route=\/wp\/v2\/pages\/523\/revisions\/606"}],"wp:attachment":[{"href":"https:\/\/ventasya.pe\/website-themes\/rutaza\/index.php?rest_route=%2Fwp%2Fv2%2Fmedia&parent=523"}],"curies":[{"name":"wp","href":"https:\/\/api.w.org\/{rel}","templated":true}]}}