{"id":8,"date":"2023-08-31T23:38:20","date_gmt":"2023-08-31T21:38:20","guid":{"rendered":"https:\/\/skynetcorp.pe\/demos\/demo13\/?page_id=8"},"modified":"2025-12-12T16:39:19","modified_gmt":"2025-12-12T15:39:19","slug":"inicio","status":"publish","type":"page","link":"https:\/\/ventasya.pe\/website-themes\/palmtours\/","title":{"rendered":"Inicio"},"content":{"rendered":"\n<h2 class=\"wp-block-heading\">Aventuras Inolvidables con Nosotros<\/h2>\n\n\n\n<p>El viaje de tus sue\u00f1os merece una agencia que entienda tus deseos. Desde la atenci\u00f3n personalizada y la experiencia de a\u00f1os hasta nuestra pasi\u00f3n por los viajes, cada reserva con nosotros es una garant\u00eda de una experiencia \u00fanica y memorable. Conf\u00eda en nosotros para convertir tus sue\u00f1os en emocionantes realidades de viaje. <\/p>\n","protected":false},"excerpt":{"rendered":"<p>Aventuras Inolvidables con Nosotros El viaje de tus sue\u00f1os merece una agencia que entienda tus deseos. Desde la atenci\u00f3n personalizada y la experiencia de a\u00f1os hasta nuestra pasi\u00f3n por los viajes, cada reserva con nosotros es una garant\u00eda de una experiencia \u00fanica y memorable. Conf\u00eda en nosotros para convertir tus sue\u00f1os en emocionantes realidades de [&hellip;]<\/p>\n","protected":false},"author":1,"featured_media":0,"parent":0,"menu_order":0,"comment_status":"closed","ping_status":"closed","template":"home.php","meta":{"footnotes":""},"class_list":["post-8","page","type-page","status-publish","hentry"],"acf":[],"_links":{"self":[{"href":"https:\/\/ventasya.pe\/website-themes\/palmtours\/index.php?rest_route=\/wp\/v2\/pages\/8","targetHints":{"allow":["GET"]}}],"collection":[{"href":"https:\/\/ventasya.pe\/website-themes\/palmtours\/index.php?rest_route=\/wp\/v2\/pages"}],"about":[{"href":"https:\/\/ventasya.pe\/website-themes\/palmtours\/index.php?rest_route=\/wp\/v2\/types\/page"}],"author":[{"embeddable":true,"href":"https:\/\/ventasya.pe\/website-themes\/palmtours\/index.php?rest_route=\/wp\/v2\/users\/1"}],"replies":[{"embeddable":true,"href":"https:\/\/ventasya.pe\/website-themes\/palmtours\/index.php?rest_route=%2Fwp%2Fv2%2Fcomments&post=8"}],"version-history":[{"count":26,"href":"https:\/\/ventasya.pe\/website-themes\/palmtours\/index.php?rest_route=\/wp\/v2\/pages\/8\/revisions"}],"predecessor-version":[{"id":645,"href":"https:\/\/ventasya.pe\/website-themes\/palmtours\/index.php?rest_route=\/wp\/v2\/pages\/8\/revisions\/645"}],"wp:attachment":[{"href":"https:\/\/ventasya.pe\/website-themes\/palmtours\/index.php?rest_route=%2Fwp%2Fv2%2Fmedia&parent=8"}],"curies":[{"name":"wp","href":"https:\/\/api.w.org\/{rel}","templated":true}]}}